{"id":31,"date":"2020-04-13T11:18:52","date_gmt":"2020-04-13T11:18:52","guid":{"rendered":"http:\/\/keeponevolving.com\/?page_id=31"},"modified":"2024-06-09T18:21:28","modified_gmt":"2024-06-09T18:21:28","slug":"about","status":"publish","type":"page","link":"https:\/\/keeponevolving.com\/it\/about\/","title":{"rendered":"Chi sono"},"content":{"rendered":"<div data-elementor-type=\"wp-page\" data-elementor-id=\"31\" class=\"elementor elementor-31\">\n\t\t\t\t\t\t<section class=\"elementor-section elementor-top-section elementor-element elementor-element-5502993 elementor-section-height-min-height elementor-section-boxed elementor-section-height-default elementor-section-items-middle\" data-id=\"5502993\" data-element_type=\"section\" data-e-type=\"section\" data-settings=\"{&quot;background_background&quot;:&quot;classic&quot;}\">\n\t\t\t\t\t\t\t<div class=\"elementor-background-overlay\"><\/div>\n\t\t\t\t\t\t\t<div class=\"elementor-container elementor-column-gap-default\">\n\t\t\t\t\t<div class=\"elementor-column elementor-col-50 elementor-top-column elementor-element elementor-element-7d8bb57\" data-id=\"7d8bb57\" data-element_type=\"column\" data-e-type=\"column\">\n\t\t\t<div class=\"elementor-widget-wrap\">\n\t\t\t\t\t\t\t<\/div>\n\t\t<\/div>\n\t\t\t\t<div class=\"elementor-column elementor-col-50 elementor-top-column elementor-element elementor-element-d131fb7\" data-id=\"d131fb7\" data-element_type=\"column\" data-e-type=\"column\">\n\t\t\t<div class=\"elementor-widget-wrap\">\n\t\t\t\t\t<div class=\"elementor-background-overlay\"><\/div>\n\t\t\t\t\t\t\t<\/div>\n\t\t<\/div>\n\t\t\t\t\t<\/div>\n\t\t<\/section>\n\t\t\t\t<section class=\"elementor-section elementor-top-section elementor-element elementor-element-40177ae0 elementor-section-boxed elementor-section-height-default elementor-section-height-default\" data-id=\"40177ae0\" data-element_type=\"section\" data-e-type=\"section\">\n\t\t\t\t\t\t<div class=\"elementor-container elementor-column-gap-no\">\n\t\t\t\t\t<div class=\"elementor-column elementor-col-100 elementor-top-column elementor-element elementor-element-2828f573\" data-id=\"2828f573\" data-element_type=\"column\" data-e-type=\"column\">\n\t\t\t<div class=\"elementor-widget-wrap elementor-element-populated\">\n\t\t\t\t\t\t<div class=\"elementor-element elementor-element-a2ab756 elementor-widget elementor-widget-heading\" data-id=\"a2ab756\" data-element_type=\"widget\" data-e-type=\"widget\" data-widget_type=\"heading.default\">\n\t\t\t\t<div class=\"elementor-widget-container\">\n\t\t\t\t\t<h1 class=\"elementor-heading-title elementor-size-default\">La Mia Storia: Una Breve Introduzione<\/h1>\t\t\t\t<\/div>\n\t\t\t\t<\/div>\n\t\t\t\t<div class=\"elementor-element elementor-element-0c64d48 elementor-widget elementor-widget-heading\" data-id=\"0c64d48\" data-element_type=\"widget\" data-e-type=\"widget\" data-widget_type=\"heading.default\">\n\t\t\t\t<div class=\"elementor-widget-container\">\n\t\t\t\t\t<h3 class=\"elementor-heading-title elementor-size-default\">Come tutto incominci\u00f2 e come si \u00e8 evoluto<\/h3>\t\t\t\t<\/div>\n\t\t\t\t<\/div>\n\t\t\t\t<div class=\"elementor-element elementor-element-0c0ddd7 elementor-widget elementor-widget-text-editor\" data-id=\"0c0ddd7\" data-element_type=\"widget\" data-e-type=\"widget\" data-widget_type=\"text-editor.default\">\n\t\t\t\t<div class=\"elementor-widget-container\">\n\t\t\t\t\t\t\t\t\t<h1><img fetchpriority=\"high\" decoding=\"async\" src=\"http:\/\/keeponevolving.com\/wp-content\/uploads\/2024\/05\/Giulio-1-1024x1024.jpeg\" alt=\"\" width=\"800\" height=\"800\" \/><\/h1><p>Nato in Italia nel 1965, ho perso mia madre a 11 anni senza sapere cosa sarebbe successo. Questo mi ha aiutato a capire che, come dice uno dei pilastri principali della tradizione buddista, tutto in questo mondo \u00e8 impermanente o\u00a0<a href=\"https:\/\/en.wikipedia.org\/wiki\/Impermanence\">Anitya<\/a>.<\/p><p>Accettare questa impermanenza cos\u00ec chiaramente  espressa attraverso questo evento cruciale nei miei primi anni di vita non \u00e8 stato immediato. Tuttavia, \u00e8 diventato presto il carburante principale per la ricerca dell\u2019\u201coltre\u201d che \u00e8 uno dei miei interessi principali.<\/p><p>Avanzando rapidamente fino a 24 anni, dopo aver gi\u00e0 iniziato ad approfondire le filosofie orientali e gli insegnamenti spirituali e a studiare i fenomeni psichici, ho deciso di andare in California per studiare Psicologia Transpersonale (TP). Verso la fine del mio ciclo accademico, inaspettatamente, mi sono imbattuto in un seminario del Dr. Roger Walsh (www.drrogerwalsh.com), professore alla U.C. Irvine Medical School e un noto collaboratore nel campo della TP e grande studioso e praticante nelle tradizioni buddista e sciamanica.<\/p><p>Con mia grande sorpresa, invece di un seminario su tali argomenti, sono stato introdotto tramite il Dr. Walsh a \"Un corso in miracoli\" (ACIM \u2013 www.acim.org), un corso di risveglio spirituale canalizzato da Ges\u00f9 Cristo stesso. L\u2019insegnamento di questo corso ha avuto un impatto immenso sulla mia vita e lo considero la risposta primaria alla mia ricerca della verit\u00e0 \u201coltre il velo\u201d, che l\u2019evento dei miei primi anni di vita aveva cos\u00ec fortemente determinato. Mi ha insegnato che la morte \u00e8 un'illusione tanto quanto la realt\u00e0 fisica.<\/p><p>Questi concetti centrali sono stati ampiamente discussi anche nelle tradizioni orientali come il Vedanta e il Buddismo, e apprenderli attraverso questa tradizione cristiana mi ha aiutato a riconciliare non solo il fisico con lo spirituale, ma anche ci\u00f2 che sembra dividere storicamente e filosoficamente le tradizioni orientali e occidentali del nostro mondo.<\/p><p>UCIM ha ampliato la mia vita e mi ha portato un senso pi\u00f9 profondo di connessione e comprensione della Vita attraverso i suoi concetti e le sue pratiche di psicologia spirituale. Quando questo fantastico capolavoro \u00e8 entrato nella mia vita, attraverso una serie di eventi, sono stato introdotto alla canalizzazione non fisica e non umana di persona e attraverso varie altre fonti come libri e video.<\/p><p>Questo processo di apprendimento ed evolutivo ha contribuito, da un lato, alla mia consapevolezza di come noi, come esseri umani, siamo ancora relativamente arretrati tecnologicamente, psicologicamente e socialmente. Nel corso dei secoli, soprattutto negli ultimi 100 anni, sono stati fatti passi avanti straordinari. Tuttavia, rispetto al nostro potenziale autodistruttivo, c\u2019\u00e8 ancora molto da fare per superare le barriere dell\u2019\u201cego negativo\u201d. D\u2019altra parte, il mio \u201cprocesso di iniziazione\u201d mi ha aiutato a realizzare che, anche se siamo solo in una fase iniziale della nostra evoluzione naturale, siamo in un processo di accelerazione che ci sta avvicinando sempre di pi\u00f9 alla consapevolezza che siamo non soli in questo universo e che ci viene fornito un grande aiuto per migliorare ulteriormente in tutti i modi.<\/p><p>Oggi, dopo aver sommato tre anni di percorsi accademici che mi hanno conferito il titolo di Counselor Olistico, sento di aver compreso compiutamente chi siamo come individui e come societ\u00e0. Detto semplicemente, sempre pi\u00f9 di noi stanno iniziando a rendersi conto che non siamo solo esseri umani, ma anche spirituali che fanno parte di un tutto infinitamente pi\u00f9 grande.<\/p>\t\t\t\t\t\t\t\t<\/div>\n\t\t\t\t<\/div>\n\t\t\t\t\t<\/div>\n\t\t<\/div>\n\t\t\t\t\t<\/div>\n\t\t<\/section>\n\t\t\t\t<section class=\"elementor-section elementor-top-section elementor-element elementor-element-88095be elementor-section-boxed elementor-section-height-default elementor-section-height-default\" data-id=\"88095be\" data-element_type=\"section\" data-e-type=\"section\" data-settings=\"{&quot;background_background&quot;:&quot;classic&quot;}\">\n\t\t\t\t\t\t\t<div class=\"elementor-background-overlay\"><\/div>\n\t\t\t\t\t\t\t<div class=\"elementor-container elementor-column-gap-no\">\n\t\t\t\t\t<div class=\"elementor-column elementor-col-33 elementor-top-column elementor-element elementor-element-38f3ab5\" data-id=\"38f3ab5\" data-element_type=\"column\" data-e-type=\"column\" data-settings=\"{&quot;background_background&quot;:&quot;classic&quot;}\">\n\t\t\t<div class=\"elementor-widget-wrap elementor-element-populated\">\n\t\t\t\t\t<div class=\"elementor-background-overlay\"><\/div>\n\t\t\t\t\t\t<div class=\"elementor-element elementor-element-287abe7 elementor-widget elementor-widget-heading\" data-id=\"287abe7\" data-element_type=\"widget\" data-e-type=\"widget\" data-widget_type=\"heading.default\">\n\t\t\t\t<div class=\"elementor-widget-container\">\n\t\t\t\t\t<h1 class=\"elementor-heading-title elementor-size-default\">Visione<\/h1>\t\t\t\t<\/div>\n\t\t\t\t<\/div>\n\t\t\t\t<div class=\"elementor-element elementor-element-62f732e elementor-widget elementor-widget-text-editor\" data-id=\"62f732e\" data-element_type=\"widget\" data-e-type=\"widget\" data-widget_type=\"text-editor.default\">\n\t\t\t\t<div class=\"elementor-widget-container\">\n\t\t\t\t\t\t\t\t\t<h4>La \"Mia Visione\" offre una prospettiva profonda che ritrae la straordinaria evoluzione dell'umanit\u00e0 oltre il nostro attuale isolamento nel quadro di relazioni individualistiche ed egocentriche. In sostanza, questa visione aspira ad un futuro in cui la coscienza umana si estende ben oltre i limiti dell\u2019esistenza terrena ed inaugura una nuova era di coscienza cosmica.<\/h4><h4>Questa prospettiva visionaria inizia con un appello a superare le divisioni che hanno storicamente frammentato le societ\u00e0 umane. Sostiene un mondo in cui tutti riconoscano la propria interconnessione intrinseca e l\u2019eredit\u00e0 cosmica condivisa indipendentemente dal background, dalla fede, o dall\u2019origine. L'essenza dell'unit\u00e0 che trascende la separazione \u00e8 profondamente intrecciata nel tessuto di questa visione.<\/h4><h4>Inoltre, viene posta una forte enfasi sulla crescita e sulla trasformazione spirituale individuale e collettiva. \u00c8 tempo per noi di intraprendere un profondo viaggio interiore alla scoperta e alla realizzazione di s\u00e9. Attraverso questo sviluppo spirituale, gli esseri umani possono raggiungere livelli pi\u00f9 elevati di coscienza e saggezza ed avvicinarsi alla realizzazione del loro pieno potenziale.<\/h4><h4>In aggiunta, questa visione amplia la nostra comprensione dell\u2019esistenza e mostra che la nostra connessione con l\u2019universo si estende ben oltre i confini del nostro pianeta. Suscita riflessioni sul nostro posto nella vastit\u00e0 dell\u2019universo e sulla possibilit\u00e0 di interagire con esseri intelligenti provenienti da altre dimensioni o sistemi stellari distanti.\u00a0<\/h4><h4>Nel profondo di questa prospettiva visionaria si trova un intenso desiderio di contatto significativo con esseri provenienti da altri regni o dimensioni. Questi incontri sono opportunit\u00e0 per condividere conoscenze, imparare gli uni dagli altri ed espandere la conoscenza umana. Forniscono approfondimenti sui misteri profondi dell\u2019universo e arricchiscono la nostra comprensione dell\u2019esistenza.<\/h4><h4>In definitiva, siamo invitati ad esplorare il potenziale infinito dentro ognuno di noi. La nostra capacit\u00e0 di crescere, adattarci e cambiare \u00e8 illimitata. Nel profondo del nostro essere, abbiamo il potenziale per evolverci in esseri con una coscienza e consapevolezza molto pi\u00f9 elevate, che possono certamente migliorare il corso del nostro destino collettivo.<\/h4><h4>Alla base di questa visione c\u2019\u00e8 la convinzione che gli esseri umani detengano le chiavi del proprio destino e abbiano la capacit\u00e0 di superare i limiti della nostra attuale comprensione. Promuove la speranza per un futuro in cui l\u2019umanit\u00e0 si muove insieme verso una maggiore unit\u00e0, illuminazione e connessione con l\u2019universo.<\/h4>\t\t\t\t\t\t\t\t<\/div>\n\t\t\t\t<\/div>\n\t\t\t\t\t<\/div>\n\t\t<\/div>\n\t\t\t\t<div class=\"elementor-column elementor-col-33 elementor-top-column elementor-element elementor-element-e64de5e\" data-id=\"e64de5e\" data-element_type=\"column\" data-e-type=\"column\" data-settings=\"{&quot;background_background&quot;:&quot;classic&quot;}\">\n\t\t\t<div class=\"elementor-widget-wrap elementor-element-populated\">\n\t\t\t\t\t<div class=\"elementor-background-overlay\"><\/div>\n\t\t\t\t\t\t<div class=\"elementor-element elementor-element-b629d59 elementor-widget elementor-widget-heading\" data-id=\"b629d59\" data-element_type=\"widget\" data-e-type=\"widget\" data-widget_type=\"heading.default\">\n\t\t\t\t<div class=\"elementor-widget-container\">\n\t\t\t\t\t<h1 class=\"elementor-heading-title elementor-size-default\">Valori<\/h1>\t\t\t\t<\/div>\n\t\t\t\t<\/div>\n\t\t\t\t<div class=\"elementor-element elementor-element-b8b9ddd elementor-widget elementor-widget-text-editor\" data-id=\"b8b9ddd\" data-element_type=\"widget\" data-e-type=\"widget\" data-widget_type=\"text-editor.default\">\n\t\t\t\t<div class=\"elementor-widget-container\">\n\t\t\t\t\t\t\t\t\t<h4>La visione dell\u2019umanit\u00e0 che si evolve per creare un modo migliore di relazionarsi l'un con l'altro e con il nostro pianeta e stabilire un contatto con esseri provenienti da altre dimensioni o parti dell\u2019universo, \u00e8 accompagnata da diversi valori fondamentali:<\/h4>\n<h3><b>Unit\u00e0 e Interconnessione<\/b><\/h3>\n<h4>Questa visione enfatizza l'interconnessione di tutta la vita e promuove l'unit\u00e0 tra individui, culture e persino esseri extraterrestri o interdimensionali, riconoscendo un legame cosmico condiviso.<\/h4>\n<h3><b>Apertura Mentale e Curiosit\u00e0<\/b><\/h3>\n<h4>Incoraggia l'esplorazione e la curiosit\u00e0 con una mentalit\u00e0 aperta sui misteri dell'universo, invitandoci a cercare conoscenza e saggezza oltre la nostra attuale comprensione.<\/h4>\n<h3><b>Crescita Spirituale e Illuminazione<\/b><\/h3>\n<h4>La visione enfatizza fortemente la crescita spirituale personale e collettiva, esortando gli individui ad espandere la propria coscienza e a cercare una maggiore consapevolezza ed illuminazione.<\/h4>\n<h3><b>Coesistenza Pacifica<\/b><\/h3>\n<h4>Sostiene la coesistenza pacifica, la cooperazione e la diplomazia nelle interazioni con noi come esseri umani e con gli esseri ultraterreni, promuovendo un senso di armonia, buona volont\u00e0 e fratellanza universale.<\/h4>\n<h3><b>Responsabilit\u00e0 Etica<\/b><\/h3>\n<h4>Questa visione sottolinea la responsabilit\u00e0 etica dell'umanit\u00e0 nelle sue interazioni tra noi stessi e con gli altri esseri, sottolineando l'importanza della compassione, del rispetto, e della condotta etica.<\/h4>\n<h3><b>Gestione Ambientale<\/b><\/h3>\n<h4>Promuove un senso di responsabilit\u00e0 ambientale e la preservazione del nostro pianeta mentre ci rivolgiamo ad altre realt\u00e0, riconoscendo l'importanza di mantenere una Terra sana.<\/h4>\n<h3><b>Speranza e Ottimismo<\/b><\/h3>\n<h4>La visione infonde speranza e ottimismo per un futuro pi\u00f9 luminoso in cui l'evoluzione dell'umanit\u00e0 porta a una maggiore comprensione, saggezza, e potenziale per una trasformazione positiva su scala globale e cosmica.<\/h4>\n<h4>Questi valori incoraggiano un profondo cambiamento nelle nostre prospettive e comportamenti, favorendo un senso di unit\u00e0 e responsabilit\u00e0 mentre contempliamo il nostro posto nell\u2019universo e le possibilit\u00e0 che si trovano oltre i nostri confini terrestri.<\/h4>\t\t\t\t\t\t\t\t<\/div>\n\t\t\t\t<\/div>\n\t\t\t\t\t<\/div>\n\t\t<\/div>\n\t\t\t\t<div class=\"elementor-column elementor-col-33 elementor-top-column elementor-element elementor-element-b59566c\" data-id=\"b59566c\" data-element_type=\"column\" data-e-type=\"column\" data-settings=\"{&quot;background_background&quot;:&quot;classic&quot;}\">\n\t\t\t<div class=\"elementor-widget-wrap elementor-element-populated\">\n\t\t\t\t\t<div class=\"elementor-background-overlay\"><\/div>\n\t\t\t\t\t\t<div class=\"elementor-element elementor-element-d8ae67e elementor-widget elementor-widget-heading\" data-id=\"d8ae67e\" data-element_type=\"widget\" data-e-type=\"widget\" data-widget_type=\"heading.default\">\n\t\t\t\t<div class=\"elementor-widget-container\">\n\t\t\t\t\t<h1 class=\"elementor-heading-title elementor-size-default\">Missione<\/h1>\t\t\t\t<\/div>\n\t\t\t\t<\/div>\n\t\t\t\t<div class=\"elementor-element elementor-element-8bee455 elementor-widget elementor-widget-text-editor\" data-id=\"8bee455\" data-element_type=\"widget\" data-e-type=\"widget\" data-widget_type=\"text-editor.default\">\n\t\t\t\t<div class=\"elementor-widget-container\">\n\t\t\t\t\t\t\t\t\t<h4>Aspiro ad impegnarmi attivamente e promuovere gli ideali trasformativi espressi nella \"Mia Visione\". Mi impegno a tradurre questa visione in azioni concrete che promuovano l\u2019unit\u00e0, la crescita spirituale e una profonda connessione tra gli esseri individuali e l\u2019universo.<\/h4>\n<h4>Il mio obiettivo principale \u00e8 colmare le lacune che storicamente hanno diviso le societ\u00e0 umane e superare i limiti delle relazioni individualistiche ed egocentriche. Mi sforzo di creare un mondo in cui tutti riconoscano e accettino la propria interconnessione intrinseca e l'eredit\u00e0 cosmica condivisa, indipendentemente dal background, dalle credenze, o dalla tradizione. Con questa missione, miro a promuovere un senso di unit\u00e0 che trascenda le divisioni e promuova l\u2019armonia e la comprensione tra tutti.<\/h4>\n<h4>Per compiere la mia missione, mi impegno a promuovere e sostenere la crescita e la trasformazione spirituale individuale e collettiva. Credo che l'esplorazione interiore e l'autorealizzazione siano essenziali per raggiungere una consapevolezza e una saggezza superiori. Fornisco guida e risorse per migliorare i viaggi spirituali degli individui ed aiutarli a raggiungere il loro pieno potenziale.<\/h4>\n<h4>Inoltre, mi impegno ad estendere la nostra comprensione dell\u2019esistenza oltre il nostro pianeta. Incoraggio ad esplorare il nostro posto nella vastit\u00e0 dell'universo e il potenziale di interazioni significative con esseri intelligenti provenienti da altre dimensioni o sistemi stellari distanti. La mia missione \u00e8 incoraggiare la curiosit\u00e0 e l'esplorazione aperta dell'universo.<\/h4>\n<h4>Nel profondo della mia missione si trova un profondo desiderio di connessioni significative anche con esseri provenienti da altri regni o dimensioni. Attraverso questi incontri, cerco attivamente opportunit\u00e0 di saggezza condivisa, apprendimento reciproco, ed espansione della conoscenza umana. Riconosco che queste interazioni offrono preziose intuizioni sui misteri dell'universo e arricchiscono la nostra comprensione dell'esistenza.<\/h4>\n<h4><span style=\"background-color: var( --e-global-color-ee0e608 ); color: inherit; font-family: inherit; font-size: 1.5rem;\">Il mio obiettivo finale \u00e8 ispirare e consentire alle persone di esplorare il loro potenziale illimitato. Credo che ognuno abbia una capacit\u00e0 totale di crescere, adattarsi, e trasformarsi. La mia missione \u00e8 supportare l'evoluzione degli individui in esseri di coscienza e consapevolezza superiori, influenzando cos\u00ec positivamente il corso del nostro destino collettivo.<\/span><\/h4>\n<h4>Al centro della mia missione c\u2019\u00e8 la convinzione incrollabile che gli esseri umani detengono le chiavi del nostro destino e hanno il potenziale per superare i limiti della nostra attuale comprensione. Sono spinto dalla speranza per un futuro in cui l\u2019umanit\u00e0 si muova insieme verso una maggiore unit\u00e0, illuminazione ed una profonda connessione con l\u2019universo. Perseguendo la mia missione, mi sforzo di trasformare la \"Mia Visione\" in realt\u00e0, arricchendo l'esperienza umana e facendo avanzare l'evoluzione della coscienza.<\/h4>\t\t\t\t\t\t\t\t<\/div>\n\t\t\t\t<\/div>\n\t\t\t\t\t<\/div>\n\t\t<\/div>\n\t\t\t\t\t<\/div>\n\t\t<\/section>\n\t\t\t\t<\/div>","protected":false},"excerpt":{"rendered":"<p>My Story: A Brief Introduction How it all began and how it evolved Born in Italy in 1965, I lost my mother at 11 years old without knowing what was coming. This helped me to understand that, as one of the main pillars of the Buddist tradition says, everything in this world is impermanent or\u00a0Anitya. [&hellip;]<\/p>\n","protected":false},"author":1,"featured_media":0,"parent":0,"menu_order":0,"comment_status":"closed","ping_status":"closed","template":"","meta":{"om_disable_all_campaigns":false,"_monsterinsights_skip_tracking":false,"_monsterinsights_sitenote_active":false,"_monsterinsights_sitenote_note":"","_monsterinsights_sitenote_category":0,"footnotes":""},"class_list":["post-31","page","type-page","status-publish","hentry"],"aioseo_notices":[],"rttpg_featured_image_url":null,"rttpg_author":{"display_name":"giuliorugarli@gmail.com","author_link":"https:\/\/keeponevolving.com\/it\/author\/giuliorugarligmail-com\/"},"rttpg_comment":0,"rttpg_category":null,"rttpg_excerpt":"My Story: A Brief Introduction How it all began and how it evolved Born in Italy in 1965, I lost my mother at 11 years old without knowing what was coming. This helped me to understand that, as one of the main pillars of the Buddist tradition says, everything in this world is impermanent or\u00a0Anitya.&hellip;","_links":{"self":[{"href":"https:\/\/keeponevolving.com\/it\/wp-json\/wp\/v2\/pages\/31","targetHints":{"allow":["GET"]}}],"collection":[{"href":"https:\/\/keeponevolving.com\/it\/wp-json\/wp\/v2\/pages"}],"about":[{"href":"https:\/\/keeponevolving.com\/it\/wp-json\/wp\/v2\/types\/page"}],"author":[{"embeddable":true,"href":"https:\/\/keeponevolving.com\/it\/wp-json\/wp\/v2\/users\/1"}],"replies":[{"embeddable":true,"href":"https:\/\/keeponevolving.com\/it\/wp-json\/wp\/v2\/comments?post=31"}],"version-history":[{"count":280,"href":"https:\/\/keeponevolving.com\/it\/wp-json\/wp\/v2\/pages\/31\/revisions"}],"predecessor-version":[{"id":1945,"href":"https:\/\/keeponevolving.com\/it\/wp-json\/wp\/v2\/pages\/31\/revisions\/1945"}],"wp:attachment":[{"href":"https:\/\/keeponevolving.com\/it\/wp-json\/wp\/v2\/media?parent=31"}],"curies":[{"name":"wp","href":"https:\/\/api.w.org\/{rel}","templated":true}]}}